{"id":43,"date":"2024-06-04T11:26:27","date_gmt":"2024-06-04T11:26:27","guid":{"rendered":"https:\/\/example.com\/?p=35"},"modified":"2024-06-04T11:26:27","modified_gmt":"2024-06-04T11:26:27","slug":"tom-erik-vestrheim","status":"publish","type":"page","link":"https:\/\/wp-demo.nxtl.ai\/?page_id=43","title":{"rendered":"Tom Erik Vestrheim"},"content":{"rendered":"<p><img decoding=\"async\" src=\"http:\/\/wp-demo.nxtl.ai\/wp-content\/uploads\/2025\/08\/1284c687469367b3215a24c068a2496d9fb1e609-3072x4164-1.jpg\" alt=\"Tom Erik Vestrheim\" \/><\/p>\n<p><strong>Stilling:<\/strong> Advokat<\/p>\n<p><strong>Ansiennitet:<\/strong> 3<\/p>\n<p><strong>Telefon:<\/strong> 957 39 135<\/p>\n<p><strong>E-post:<\/strong> <a href=\"mailto:tev@jaeradvokatene.no\">tev@jaeradvokatene.no<\/a><\/p>\n<h3>Arbeidserfaring<\/h3>\n<ul>\n<li>Advokatfirmaet Vestrheim &amp; Co AS \u2013 Advokat\/daglig leder\n<\/li>\n<li>Advokatfirmaet KPMG Law \u2013 Advokatfullmektig\n<\/li>\n<li>Advokatfirmaet Schj\u00f8dt AS \u2013 Advokatfullmektig\n<\/li>\n<li>Sentralskattekontoret for utlandssaker \u2013 Skattejurist\n<\/li>\n<\/ul>\n<h3>Utdannelse<\/h3>\n<ul>\n<li>Advokatbevilling\n<\/li>\n<li>Juridisk embetseksamen \u2013 Universitetet i Oslo\n<\/li>\n<li>H\u00f8yskolekandidat i \u00d8konomi &amp; Adm.\n<\/li>\n<li>Befalsskolen for H\u00e6rens transportkorps og H\u00e6rens intendantur\n<\/li>\n<\/ul>\n<h3>Hovedarbeidsomr\u00e5der<\/h3>\n<p>Arv og d\u00f8dsboskifte, bygg- og entreprise\/fast eiendoms rettsforhold, familierett, barnevern, kontraktsrett, hestesport, erstatning, offentlig forvaltning, skatterett, prosedyre, generell forretningsjuss.<\/p>\n","protected":false},"excerpt":{"rendered":"<p>Stilling: Advokat Ansiennitet: 3 Telefon: 957 39 135 E-post: tev@jaeradvokatene.no Arbeidserfaring Advokatfirmaet Vestrheim &amp; Co AS \u2013 Advokat\/daglig leder Advokatfirmaet KPMG Law \u2013 Advokatfullmektig Advokatfirmaet Schj\u00f8dt AS \u2013 Advokatfullmektig Sentralskattekontoret for utlandssaker \u2013 Skattejurist Utdannelse Advokatbevilling Juridisk embetseksamen \u2013 Universitetet i Oslo H\u00f8yskolekandidat i \u00d8konomi &amp; Adm. Befalsskolen for H\u00e6rens transportkorps og H\u00e6rens intendantur Hovedarbeidsomr\u00e5der [&hellip;]<\/p>\n","protected":false},"author":1,"featured_media":13,"parent":28,"menu_order":0,"comment_status":"closed","ping_status":"closed","template":"","meta":{"nxtl-matrix":false,"footnotes":""},"class_list":["post-43","page","type-page","status-publish","has-post-thumbnail","hentry"],"_links":{"self":[{"href":"https:\/\/wp-demo.nxtl.ai\/index.php?rest_route=\/wp\/v2\/pages\/43","targetHints":{"allow":["GET"]}}],"collection":[{"href":"https:\/\/wp-demo.nxtl.ai\/index.php?rest_route=\/wp\/v2\/pages"}],"about":[{"href":"https:\/\/wp-demo.nxtl.ai\/index.php?rest_route=\/wp\/v2\/types\/page"}],"author":[{"embeddable":true,"href":"https:\/\/wp-demo.nxtl.ai\/index.php?rest_route=\/wp\/v2\/users\/1"}],"replies":[{"embeddable":true,"href":"https:\/\/wp-demo.nxtl.ai\/index.php?rest_route=%2Fwp%2Fv2%2Fcomments&post=43"}],"version-history":[{"count":0,"href":"https:\/\/wp-demo.nxtl.ai\/index.php?rest_route=\/wp\/v2\/pages\/43\/revisions"}],"up":[{"embeddable":true,"href":"https:\/\/wp-demo.nxtl.ai\/index.php?rest_route=\/wp\/v2\/pages\/28"}],"wp:featuredmedia":[{"embeddable":true,"href":"https:\/\/wp-demo.nxtl.ai\/index.php?rest_route=\/wp\/v2\/media\/13"}],"wp:attachment":[{"href":"https:\/\/wp-demo.nxtl.ai\/index.php?rest_route=%2Fwp%2Fv2%2Fmedia&parent=43"}],"curies":[{"name":"wp","href":"https:\/\/api.w.org\/{rel}","templated":true}]}}