{"id":42,"date":"2024-05-23T08:21:03","date_gmt":"2024-05-23T08:21:03","guid":{"rendered":"https:\/\/example.com\/?p=34"},"modified":"2024-05-23T08:21:03","modified_gmt":"2024-05-23T08:21:03","slug":"olav-hetland","status":"publish","type":"page","link":"https:\/\/wp-demo.nxtl.ai\/?page_id=42","title":{"rendered":"Olav Hetland"},"content":{"rendered":"<p><img decoding=\"async\" src=\"http:\/\/wp-demo.nxtl.ai\/wp-content\/uploads\/2025\/08\/b42a1f03f8d58c4ea2e92ec9502e66cb6809b85d-3072x3997-1.jpg\" alt=\"Olav Hetland\" \/><\/p>\n<p><strong>Stilling:<\/strong> Advokat\/Bedrifts\u00f8konom BI<\/p>\n<p><strong>Ansiennitet:<\/strong> 1<\/p>\n<p><strong>Telefon:<\/strong> 40 40 88 80<\/p>\n<p><strong>E-post:<\/strong> <a href=\"mailto:oh@jaeradvokatene.no\">oh@jaeradvokatene.no<\/a><\/p>\n<h3>Arbeidserfaring<\/h3>\n<ul>\n<li>Oslo Kommune \u2013 Etat for eiendom og utbygging 1992-1994\n<\/li>\n<li>Oslo Politidistrikt, politijurist 1994-1998\n<\/li>\n<li>Advokat fra 1998-d.d\n<\/li>\n<\/ul>\n<h3>Utdannelse<\/h3>\n<ul>\n<li>Juridisk embetseksamen fra Universitetet i Oslo 1991\n<\/li>\n<li>Bedrifts\u00f8konom BI\n<\/li>\n<li>\u00d8KOKRIM etterforskningskurs, \u00f8konomisk kriminalitet\n<\/li>\n<\/ul>\n<h3>Hovedarbeidsomr\u00e5der<\/h3>\n<p>Bistand til sm\u00e5 foretak (SMB), kontraktsrett og kontraktsforhandlinger, gjeldsforhandlinger, konkursbehandling, familierett, fast eiendom, arbeidsrett, strafferett, bistandsadvokat.<\/p>\n","protected":false},"excerpt":{"rendered":"<p>Stilling: Advokat\/Bedrifts\u00f8konom BI Ansiennitet: 1 Telefon: 40 40 88 80 E-post: oh@jaeradvokatene.no Arbeidserfaring Oslo Kommune \u2013 Etat for eiendom og utbygging 1992-1994 Oslo Politidistrikt, politijurist 1994-1998 Advokat fra 1998-d.d Utdannelse Juridisk embetseksamen fra Universitetet i Oslo 1991 Bedrifts\u00f8konom BI \u00d8KOKRIM etterforskningskurs, \u00f8konomisk kriminalitet Hovedarbeidsomr\u00e5der Bistand til sm\u00e5 foretak (SMB), kontraktsrett og kontraktsforhandlinger, gjeldsforhandlinger, konkursbehandling, familierett, [&hellip;]<\/p>\n","protected":false},"author":1,"featured_media":22,"parent":28,"menu_order":0,"comment_status":"closed","ping_status":"closed","template":"","meta":{"nxtl-matrix":false,"footnotes":""},"class_list":["post-42","page","type-page","status-publish","has-post-thumbnail","hentry"],"_links":{"self":[{"href":"https:\/\/wp-demo.nxtl.ai\/index.php?rest_route=\/wp\/v2\/pages\/42","targetHints":{"allow":["GET"]}}],"collection":[{"href":"https:\/\/wp-demo.nxtl.ai\/index.php?rest_route=\/wp\/v2\/pages"}],"about":[{"href":"https:\/\/wp-demo.nxtl.ai\/index.php?rest_route=\/wp\/v2\/types\/page"}],"author":[{"embeddable":true,"href":"https:\/\/wp-demo.nxtl.ai\/index.php?rest_route=\/wp\/v2\/users\/1"}],"replies":[{"embeddable":true,"href":"https:\/\/wp-demo.nxtl.ai\/index.php?rest_route=%2Fwp%2Fv2%2Fcomments&post=42"}],"version-history":[{"count":0,"href":"https:\/\/wp-demo.nxtl.ai\/index.php?rest_route=\/wp\/v2\/pages\/42\/revisions"}],"up":[{"embeddable":true,"href":"https:\/\/wp-demo.nxtl.ai\/index.php?rest_route=\/wp\/v2\/pages\/28"}],"wp:featuredmedia":[{"embeddable":true,"href":"https:\/\/wp-demo.nxtl.ai\/index.php?rest_route=\/wp\/v2\/media\/22"}],"wp:attachment":[{"href":"https:\/\/wp-demo.nxtl.ai\/index.php?rest_route=%2Fwp%2Fv2%2Fmedia&parent=42"}],"curies":[{"name":"wp","href":"https:\/\/api.w.org\/{rel}","templated":true}]}}