{"id":39,"date":"2024-05-23T11:35:18","date_gmt":"2024-05-23T11:35:18","guid":{"rendered":"https:\/\/example.com\/?p=31"},"modified":"2024-05-23T11:35:18","modified_gmt":"2024-05-23T11:35:18","slug":"trygderett-nav-saker","status":"publish","type":"page","link":"https:\/\/wp-demo.nxtl.ai\/?page_id=39","title":{"rendered":"Trygderett \u2013 NAV-saker"},"content":{"rendered":"<ul>\n<li>Har du f\u00e5tt avslag p\u00e5 s\u00f8knad om arbeidsavklaringpenger?\n<\/li>\n<li>Har du f\u00e5tt avslag p\u00e5 s\u00f8knad om uf\u00f8repensjon?\n<\/li>\n<li>Ble du uf\u00f8r f\u00f8r fylte 26 \u00e5r, men har ikke ung uf\u00f8r tillegget?\n<\/li>\n<li>Har du mottatt et krav om tilbakebetaling?\n<\/li>\n<li>Er sykepengegrunnlaget for lavt?\n<\/li>\n<li>Har NAV omgjort et vedtak til skade for deg?\n<\/li>\n<li>Betaler du for mye bidrag?\n<\/li>\n<li>F\u00e5r du for lite bidrag?\n<\/li>\n<li>Er du rammet av E\u00d8S-skandalen?\n<\/li>\n<li>F\u00e5r du det du har krav p\u00e5?\n<\/li>\n<li>Vil du som arbeidsgiver protestere p\u00e5 en sykmelding?\n<\/li>\n<\/ul>\n<p>J\u00e6radvokatene kan gi deg generelle r\u00e5d og veiledning i trygdesaker, hjelpe deg \u00e5 fremsette krav, sende klage p\u00e5 avslag, anke til Trygderetten og anlegge s\u00f8ksm\u00e5l.<\/p>\n<p>Vi har lang erfaring med trygdesaker. Advokat Liss Byrkjedal har en s\u00e6rlig interesse for trygdesaker. Hun har arbeidet 2 \u00e5r som saksbehandler, p\u00e5 det som da het Fyllingsdalen trygdekontor i Bergen, og deretter mer enn 20 \u00e5r som advokat i saker mot NAV.<\/p>\n<p>Det betyr ikke noe hvor i landet du bor, eller om du bor i utlandet. Vi kan ha klientm\u00f8ter p\u00e5 telefon, skype, teams og lignende. Saksbehandlingen i trygdesaker er skriftlig helt frem til en eventuell rettsak i lagmannsretten. De fleste saker g\u00e5r ikke s\u00e5 langt.<\/p>\n<p>Det betyr heller ikke noe om du ikke har tatt vare p\u00e5 alle dokumentene i saken. Vi innhenter alltid komplette saksdokumenter direkte fra NAV, slik at vi har full oversikt og er sikre p\u00e5 at ingen ting mangler.<\/p>\n<p>I trygdesaker har man ved klage og anke rett til fri rettshjelp dersom inntekt og formue er innenfor bestemte grenser. Merk at retten til fri rettshjelp ikke gjelder ved generell veiledning eller ved fremsetting av krav. Du kan lese mer om fri rettshjelp og egenandel, og selv sjekke om du er innenfor p\u00e5 denne linken:<\/p>\n<p><a href=\"https:\/\/www.rettsrad.no\/Har-du-rett-pa-fri-rettshjelp\/\">https:\/\/www.rettsrad.no\/Har-du-rett-pa-fri-rettshjelp\/<\/a><\/p>\n<p>For de som har mottatt et tilbakebetalingskrav i den s\u00e5kalte E\u00d8S-skandalen, gjelder egne regler om fri rettshjelp.<\/p>\n<p>Dersom du m\u00e5 betale advokatutgiftene selv, vil vi kreve at NAV refunderer disse dersom klagen f\u00f8rer frem.<\/p>\n<p>Ring oss gjerne, eller send en uforpliktende mail, s\u00e5 vil vi vurdere om dette er en sak vi kan hjelpe deg med.<\/p>\n","protected":false},"excerpt":{"rendered":"<p>Har du f\u00e5tt avslag p\u00e5 s\u00f8knad om arbeidsavklaringpenger? Har du f\u00e5tt avslag p\u00e5 s\u00f8knad om uf\u00f8repensjon? Ble du uf\u00f8r f\u00f8r fylte 26 \u00e5r, men har ikke ung uf\u00f8r tillegget? Har du mottatt et krav om tilbakebetaling? Er sykepengegrunnlaget for lavt? Har NAV omgjort et vedtak til skade for deg? Betaler du for mye bidrag? F\u00e5r [&hellip;]<\/p>\n","protected":false},"author":1,"featured_media":0,"parent":27,"menu_order":0,"comment_status":"closed","ping_status":"closed","template":"","meta":{"nxtl-matrix":false,"footnotes":""},"class_list":["post-39","page","type-page","status-publish","hentry"],"_links":{"self":[{"href":"https:\/\/wp-demo.nxtl.ai\/index.php?rest_route=\/wp\/v2\/pages\/39","targetHints":{"allow":["GET"]}}],"collection":[{"href":"https:\/\/wp-demo.nxtl.ai\/index.php?rest_route=\/wp\/v2\/pages"}],"about":[{"href":"https:\/\/wp-demo.nxtl.ai\/index.php?rest_route=\/wp\/v2\/types\/page"}],"author":[{"embeddable":true,"href":"https:\/\/wp-demo.nxtl.ai\/index.php?rest_route=\/wp\/v2\/users\/1"}],"replies":[{"embeddable":true,"href":"https:\/\/wp-demo.nxtl.ai\/index.php?rest_route=%2Fwp%2Fv2%2Fcomments&post=39"}],"version-history":[{"count":0,"href":"https:\/\/wp-demo.nxtl.ai\/index.php?rest_route=\/wp\/v2\/pages\/39\/revisions"}],"up":[{"embeddable":true,"href":"https:\/\/wp-demo.nxtl.ai\/index.php?rest_route=\/wp\/v2\/pages\/27"}],"wp:attachment":[{"href":"https:\/\/wp-demo.nxtl.ai\/index.php?rest_route=%2Fwp%2Fv2%2Fmedia&parent=39"}],"curies":[{"name":"wp","href":"https:\/\/api.w.org\/{rel}","templated":true}]}}