{"id":38,"date":"2024-05-23T11:41:47","date_gmt":"2024-05-23T11:41:47","guid":{"rendered":"https:\/\/example.com\/?p=30"},"modified":"2024-05-23T11:41:47","modified_gmt":"2024-05-23T11:41:47","slug":"prosedyre","status":"publish","type":"page","link":"https:\/\/wp-demo.nxtl.ai\/?page_id=38","title":{"rendered":"Prosedyre"},"content":{"rendered":"<p>Prosedyre for retter og nemnder. Vi opptrer som prosessfullmektig b\u00e5de for forliksr\u00e5det og ved rettstvister for domstolen \u2013 herunder tvist vedr\u00f8rende tvangsfullbyrdelse, skifte og skj\u00f8nn. Vi opptrer ogs\u00e5 som prosessfullmektig ved voldgift og som fullmektig for den private part i fylkesnemda for sosiale saker.<\/p>\n","protected":false},"excerpt":{"rendered":"<p>Prosedyre for retter og nemnder. Vi opptrer som prosessfullmektig b\u00e5de for forliksr\u00e5det og ved rettstvister for domstolen \u2013 herunder tvist vedr\u00f8rende tvangsfullbyrdelse, skifte og skj\u00f8nn. Vi opptrer ogs\u00e5 som prosessfullmektig ved voldgift og som fullmektig for den private part i fylkesnemda for sosiale saker.<\/p>\n","protected":false},"author":1,"featured_media":0,"parent":27,"menu_order":0,"comment_status":"closed","ping_status":"closed","template":"","meta":{"nxtl-matrix":false,"footnotes":""},"class_list":["post-38","page","type-page","status-publish","hentry"],"_links":{"self":[{"href":"https:\/\/wp-demo.nxtl.ai\/index.php?rest_route=\/wp\/v2\/pages\/38","targetHints":{"allow":["GET"]}}],"collection":[{"href":"https:\/\/wp-demo.nxtl.ai\/index.php?rest_route=\/wp\/v2\/pages"}],"about":[{"href":"https:\/\/wp-demo.nxtl.ai\/index.php?rest_route=\/wp\/v2\/types\/page"}],"author":[{"embeddable":true,"href":"https:\/\/wp-demo.nxtl.ai\/index.php?rest_route=\/wp\/v2\/users\/1"}],"replies":[{"embeddable":true,"href":"https:\/\/wp-demo.nxtl.ai\/index.php?rest_route=%2Fwp%2Fv2%2Fcomments&post=38"}],"version-history":[{"count":0,"href":"https:\/\/wp-demo.nxtl.ai\/index.php?rest_route=\/wp\/v2\/pages\/38\/revisions"}],"up":[{"embeddable":true,"href":"https:\/\/wp-demo.nxtl.ai\/index.php?rest_route=\/wp\/v2\/pages\/27"}],"wp:attachment":[{"href":"https:\/\/wp-demo.nxtl.ai\/index.php?rest_route=%2Fwp%2Fv2%2Fmedia&parent=38"}],"curies":[{"name":"wp","href":"https:\/\/api.w.org\/{rel}","templated":true}]}}