{"id":37,"date":"2024-05-23T11:40:19","date_gmt":"2024-05-23T11:40:19","guid":{"rendered":"https:\/\/example.com\/?p=29"},"modified":"2024-05-23T11:40:19","modified_gmt":"2024-05-23T11:40:19","slug":"arbeidsrett","status":"publish","type":"page","link":"https:\/\/wp-demo.nxtl.ai\/?page_id=37","title":{"rendered":"N\u00e6ring"},"content":{"rendered":"<p>Konflikter kan ofte unng\u00e5s hvis en s\u00f8ker<br \/>\nhjelp i forkant. God r\u00e5dgivning ved forhandlinger eller tvister<br \/>\ngj\u00f8r det som regel mulig \u00e5 unng\u00e5 rettens lange og kostbare vei.<\/p>\n<p>Vi tilbyr v\u00e5re tjenester b\u00e5de til private parter, n\u00e6ringsdrivende og offentlige etater, og har alltid som m\u00e5l \u00e5 finne konstruktive l\u00f8sninger.<br \/>\nSkulle rettstvist v\u00e6re uunng\u00e5elig, st\u00e5r vi ved v\u00e5r klients side gjennom hele rettsprosessen.<\/p>\n<h2>Generell forretningsjus<\/h2>\n<p>V\u00e5rt firma arbeider hovedsaklig p\u00e5 det forretningsjuridiske omr\u00e5de. Vi har opparbeidet spesialkompetanse p\u00e5 skatte- og selskapsrett. I tilfeller der vi ser at klienten er best tjent med andre r\u00e5dgivere, vil vi selvsagt henvise til disse.<\/p>\n<h2>Kontraktsrett<\/h2>\n<p>F\u00e5 steder kommer prinsippet om \u201df\u00f8re var\u201d mer til sin rett enn innen kontraktsretten. Selv sm\u00e5 uklarheter kan f\u00e5 store \u00f8konomiske konsekvenser.<\/p>\n<p>V\u00e5re tjenester omfatter blant annet utarbeidelse av kontrakter, gjennomgang av kontrakter og bistand i kontraktsforhandlinger.<\/p>\n<h2>Selskapsrett<\/h2>\n<p>Vi bist\u00e5r blant annet med f\u00f8lgende:<\/p>\n<ul>\n<li>Stiftelse av forskjellige typer selskaper\n<\/li>\n<li>Oppl\u00f8sning\/avvikling av selskaper\n<\/li>\n<li>Utarbeidelse av selskapsavtaler, aksjekj\u00f8psavtaler, aksjon\u00e6ravtaler, l\u00e5neavtaler m.m\n<\/li>\n<li>R\u00e5dgivning i konflikter mellom selskapets aksjon\u00e6rer og mellom ulike selskapsorganer\n<\/li>\n<li>Erstatnings- og straffeansvar for daglig leder, styre og aksjon\u00e6rer m.m\n<\/li>\n<li>Utbytte, gaver og l\u00e5n\n<\/li>\n<li>Konsernbidrag\n<\/li>\n<li>Overdragelse av aksjer\/selskapsandeler\n<\/li>\n<li>Uttreden\/utl\u00f8sning\n<\/li>\n<li>Forsvarlig egenkapital\n<\/li>\n<li>Protokollasjon\n<\/li>\n<li>Prokura og fullmakter\n<\/li>\n<li>Kapitalforh\u00f8yelse\/kapitalnedsettelse\n<\/li>\n<li>Fusjoner\/fisjoner\n<\/li>\n<li>Virksomhetsoverdragelse\n<\/li>\n<\/ul>\n<h2>Konkursrett<\/h2>\n<p>Ansvarlig advokat i firmaet p\u00e5tar seg oppdrag som bostyrer i konkursbo.<\/p>\n<p>I tillegg bist\u00e5r vi blant annet ved gjeldsforhandlinger og yter bistand til skyldner, blant annet ved sp\u00f8rsm\u00e5l om omst\u00f8telse, konkurskarantene, insolvensvurdering m.m.<\/p>\n<h2>Hesterett<\/h2>\n<p>Hestesporten favner b\u00e5de trav-, galopp og ridesporten.<\/p>\n<p>Flere og flere har latt seg fascinere av hestens flotte fremtoning. Hestesporten har imidlertid i aller h\u00f8yeste grad ogs\u00e5 en \u00f8konomisk side. Det konkurreres om h\u00f8ye pengebel\u00f8p, dyre hestekj\u00f8p gj\u00f8res, treningsavgifter betales osv. En eksponerer seg for en \u201drundtur\u201d p\u00e5 mange rettsomr\u00e5der n\u00e5r en velger \u00e5 anskaffe hest. Blant disse er kj\u00f8psrett, erstatningsrett, forsikringsrett, skatte- og avgiftsrett, dyrevernrett, avtalerett m.m.<\/p>\n<p>V\u00e5rt firma har spesialisert seg p\u00e5 \u00e5 yte juridiske tjenester til hesteeiere og andre akt\u00f8rer innen hestesporten. Vi garanterer meget god kjennskap til b\u00e5de hestesporten og hesten som individ, og mener derfor vi kan yte optimal service p\u00e5 dette omr\u00e5det.<\/p>\n","protected":false},"excerpt":{"rendered":"<p>Konflikter kan ofte unng\u00e5s hvis en s\u00f8ker hjelp i forkant. God r\u00e5dgivning ved forhandlinger eller tvister gj\u00f8r det som regel mulig \u00e5 unng\u00e5 rettens lange og kostbare vei. Vi tilbyr v\u00e5re tjenester b\u00e5de til private parter, n\u00e6ringsdrivende og offentlige etater, og har alltid som m\u00e5l \u00e5 finne konstruktive l\u00f8sninger. Skulle rettstvist v\u00e6re uunng\u00e5elig, st\u00e5r vi [&hellip;]<\/p>\n","protected":false},"author":1,"featured_media":0,"parent":27,"menu_order":0,"comment_status":"closed","ping_status":"closed","template":"","meta":{"nxtl-matrix":false,"footnotes":""},"class_list":["post-37","page","type-page","status-publish","hentry"],"_links":{"self":[{"href":"https:\/\/wp-demo.nxtl.ai\/index.php?rest_route=\/wp\/v2\/pages\/37","targetHints":{"allow":["GET"]}}],"collection":[{"href":"https:\/\/wp-demo.nxtl.ai\/index.php?rest_route=\/wp\/v2\/pages"}],"about":[{"href":"https:\/\/wp-demo.nxtl.ai\/index.php?rest_route=\/wp\/v2\/types\/page"}],"author":[{"embeddable":true,"href":"https:\/\/wp-demo.nxtl.ai\/index.php?rest_route=\/wp\/v2\/users\/1"}],"replies":[{"embeddable":true,"href":"https:\/\/wp-demo.nxtl.ai\/index.php?rest_route=%2Fwp%2Fv2%2Fcomments&post=37"}],"version-history":[{"count":0,"href":"https:\/\/wp-demo.nxtl.ai\/index.php?rest_route=\/wp\/v2\/pages\/37\/revisions"}],"up":[{"embeddable":true,"href":"https:\/\/wp-demo.nxtl.ai\/index.php?rest_route=\/wp\/v2\/pages\/27"}],"wp:attachment":[{"href":"https:\/\/wp-demo.nxtl.ai\/index.php?rest_route=%2Fwp%2Fv2%2Fmedia&parent=37"}],"curies":[{"name":"wp","href":"https:\/\/api.w.org\/{rel}","templated":true}]}}