{"id":36,"date":"2024-05-23T11:36:27","date_gmt":"2024-05-23T11:36:27","guid":{"rendered":"https:\/\/example.com\/?p=28"},"modified":"2024-05-23T11:36:27","modified_gmt":"2024-05-23T11:36:27","slug":"fast-eiendom","status":"publish","type":"page","link":"https:\/\/wp-demo.nxtl.ai\/?page_id=36","title":{"rendered":"Fast eiendom"},"content":{"rendered":"<p>Fast eiendom er en hyppig kilde til uenighet b\u00e5de mellom kj\u00f8per og selger, internt i familier, mellom naboer og i forholdet til det offentlige. Vi yter bistand ved sp\u00f8rsm\u00e5l og tvister vedr\u00f8rende blant annet:<\/p>\n<ul>\n<li>Kj\u00f8p og salg av fast eiendom\n<\/li>\n<li>Seksjonering\n<\/li>\n<li>Sameie\n<\/li>\n<li>Eiendomsrett og eiendomsgrenser\n<\/li>\n<li>Rettigheter i eller over fast eiendom, s\u00e5 som veirett, b\u00e5trett, naustrett, vassdragsrett, borett m.m\n<\/li>\n<li>Allmenningsrett\n<\/li>\n<li>Odels- og \u00e5setesrett\n<\/li>\n<li>Naboforhold\n<\/li>\n<li>Tomtefeste\n<\/li>\n<\/ul>\n","protected":false},"excerpt":{"rendered":"<p>Fast eiendom er en hyppig kilde til uenighet b\u00e5de mellom kj\u00f8per og selger, internt i familier, mellom naboer og i forholdet til det offentlige. Vi yter bistand ved sp\u00f8rsm\u00e5l og tvister vedr\u00f8rende blant annet: Kj\u00f8p og salg av fast eiendom Seksjonering Sameie Eiendomsrett og eiendomsgrenser Rettigheter i eller over fast eiendom, s\u00e5 som veirett, b\u00e5trett, [&hellip;]<\/p>\n","protected":false},"author":1,"featured_media":0,"parent":27,"menu_order":0,"comment_status":"closed","ping_status":"closed","template":"","meta":{"nxtl-matrix":false,"footnotes":""},"class_list":["post-36","page","type-page","status-publish","hentry"],"_links":{"self":[{"href":"https:\/\/wp-demo.nxtl.ai\/index.php?rest_route=\/wp\/v2\/pages\/36","targetHints":{"allow":["GET"]}}],"collection":[{"href":"https:\/\/wp-demo.nxtl.ai\/index.php?rest_route=\/wp\/v2\/pages"}],"about":[{"href":"https:\/\/wp-demo.nxtl.ai\/index.php?rest_route=\/wp\/v2\/types\/page"}],"author":[{"embeddable":true,"href":"https:\/\/wp-demo.nxtl.ai\/index.php?rest_route=\/wp\/v2\/users\/1"}],"replies":[{"embeddable":true,"href":"https:\/\/wp-demo.nxtl.ai\/index.php?rest_route=%2Fwp%2Fv2%2Fcomments&post=36"}],"version-history":[{"count":0,"href":"https:\/\/wp-demo.nxtl.ai\/index.php?rest_route=\/wp\/v2\/pages\/36\/revisions"}],"up":[{"embeddable":true,"href":"https:\/\/wp-demo.nxtl.ai\/index.php?rest_route=\/wp\/v2\/pages\/27"}],"wp:attachment":[{"href":"https:\/\/wp-demo.nxtl.ai\/index.php?rest_route=%2Fwp%2Fv2%2Fmedia&parent=36"}],"curies":[{"name":"wp","href":"https:\/\/api.w.org\/{rel}","templated":true}]}}