{"id":35,"date":"2024-05-23T11:39:24","date_gmt":"2024-05-23T11:39:24","guid":{"rendered":"https:\/\/example.com\/?p=27"},"modified":"2024-05-23T11:39:24","modified_gmt":"2024-05-23T11:39:24","slug":"familierett","status":"publish","type":"page","link":"https:\/\/wp-demo.nxtl.ai\/?page_id=35","title":{"rendered":"Familierett og offentlig rett"},"content":{"rendered":"<h2>Ektefelleskifte og \u00f8konomisk oppgj\u00f8r etter samlivsbrudd<\/h2>\n<p>Vi kan blant annet tilby f\u00f8lgende tjenester p\u00e5 dette rettsomr\u00e5det:<\/p>\n<ul>\n<li>Bistand ved separasjon og skilsmisse \u2013 herunder:<br \/>\n\u2013 skifte av formue<br \/>\n\u2013 forhandlinger\/r\u00e5dgivning ved krav om underholdsbidrag, vederlag, bruksrett til bolig m.m.\n<\/li>\n<li>Utarbeidelse av ektepakt ved gaver og opprettelse av spesielle formuesordninger\n<\/li>\n<li>Opprettelse av gjensidig testament og samboeravtale\n<\/li>\n<li>Fordeling av eiendeler ved opph\u00f8r av samboerskap\n<\/li>\n<li>R\u00e5dgivning i forbindelse med adopsjon\n<\/li>\n<\/ul>\n<h2>Erstatningsrett<\/h2>\n<p>Erstatningsretten er et stort og til dels komplisert rettsomr\u00e5de som kan gj\u00f8re en dyp inngripen i b\u00e5de privatliv og i privat\u00f8konomisk som offentlige institusjoners virksomhet.<\/p>\n<ul>\n<li>Erstatningsansvar ved mislighold av kontrakter\n<\/li>\n<li>Aktuelle omr\u00e5der der vi kan yte bistand er blant annet:\n<ul>\n<li>Skade p\u00e5 ting eller person, herunder:\n<\/li>\n<li>vurdering av \u00f8konomisk tap\n<\/li>\n<li>tap av fors\u00f8rger\n<\/li>\n<li>m\u00e8nerstatning\n<\/li>\n<li>oppreisning\n<\/li>\n<li>arbeidsgiveransvar\n<\/li>\n<li>bilansvar\n<\/li>\n<li>produktansvar\n<\/li>\n<li>pasientskadeerstatning\n<\/li>\n<li>profesjonsansvar\n<\/li>\n<li>yrkesskader\n<\/li>\n<\/ul>\n<\/li>\n<\/ul>\n<h2>Offentlig forvaltning<\/h2>\n<p>Det offentlige kan oppfattes som im\u00f8tekommende og servicevennlig, men dessverre ogs\u00e5 ofte som firkantet og vanskelig.<\/p>\n<p>Det kan l\u00f8nne seg \u00e5 s\u00f8ke juridisk bistand f\u00f8r s\u00f8knad innleveres eller kontakt tas med et offentlige. Ofte er det ogs\u00e5 en n\u00f8dvendighet med juridisk bistand ved klage p\u00e5 forvaltningsvedtak. Vi bist\u00e5r i alle henseender med begge deler.<\/p>\n","protected":false},"excerpt":{"rendered":"<p>Ektefelleskifte og \u00f8konomisk oppgj\u00f8r etter samlivsbrudd Vi kan blant annet tilby f\u00f8lgende tjenester p\u00e5 dette rettsomr\u00e5det: Bistand ved separasjon og skilsmisse \u2013 herunder: \u2013 skifte av formue \u2013 forhandlinger\/r\u00e5dgivning ved krav om underholdsbidrag, vederlag, bruksrett til bolig m.m. Utarbeidelse av ektepakt ved gaver og opprettelse av spesielle formuesordninger Opprettelse av gjensidig testament og samboeravtale Fordeling [&hellip;]<\/p>\n","protected":false},"author":1,"featured_media":0,"parent":27,"menu_order":0,"comment_status":"closed","ping_status":"closed","template":"","meta":{"nxtl-matrix":false,"footnotes":""},"class_list":["post-35","page","type-page","status-publish","hentry"],"_links":{"self":[{"href":"https:\/\/wp-demo.nxtl.ai\/index.php?rest_route=\/wp\/v2\/pages\/35","targetHints":{"allow":["GET"]}}],"collection":[{"href":"https:\/\/wp-demo.nxtl.ai\/index.php?rest_route=\/wp\/v2\/pages"}],"about":[{"href":"https:\/\/wp-demo.nxtl.ai\/index.php?rest_route=\/wp\/v2\/types\/page"}],"author":[{"embeddable":true,"href":"https:\/\/wp-demo.nxtl.ai\/index.php?rest_route=\/wp\/v2\/users\/1"}],"replies":[{"embeddable":true,"href":"https:\/\/wp-demo.nxtl.ai\/index.php?rest_route=%2Fwp%2Fv2%2Fcomments&post=35"}],"version-history":[{"count":0,"href":"https:\/\/wp-demo.nxtl.ai\/index.php?rest_route=\/wp\/v2\/pages\/35\/revisions"}],"up":[{"embeddable":true,"href":"https:\/\/wp-demo.nxtl.ai\/index.php?rest_route=\/wp\/v2\/pages\/27"}],"wp:attachment":[{"href":"https:\/\/wp-demo.nxtl.ai\/index.php?rest_route=%2Fwp%2Fv2%2Fmedia&parent=35"}],"curies":[{"name":"wp","href":"https:\/\/api.w.org\/{rel}","templated":true}]}}