{"id":34,"date":"2024-05-23T08:04:25","date_gmt":"2024-05-23T08:04:25","guid":{"rendered":"https:\/\/example.com\/?p=26"},"modified":"2024-05-23T08:04:25","modified_gmt":"2024-05-23T08:04:25","slug":"fagomraader","status":"publish","type":"page","link":"https:\/\/wp-demo.nxtl.ai\/?page_id=34","title":{"rendered":"Fagomr\u00e5der"},"content":{"rendered":"<p><strong>Konflikter <\/strong>kan ofte unng\u00e5s hvis en s\u00f8ker hjelp i forkant. God r\u00e5dgivning ved forhandlinger eller tvister gj\u00f8r det som regel mulig \u00e5 unng\u00e5 rettens lange og kostbare vei. Vi tilbyr v\u00e5re tjenester b\u00e5de til private parter, n\u00e6ringsdrivende og offentlige etater, og har alltid som m\u00e5l \u00e5 finne konstruktive l\u00f8sninger. Skulle rettstvist v\u00e6re uunng\u00e5elig, st\u00e5r vi ved v\u00e5r klients side gjennom hele rettsprosessen.<\/p>\n","protected":false},"excerpt":{"rendered":"<p>Konflikter kan ofte unng\u00e5s hvis en s\u00f8ker hjelp i forkant. God r\u00e5dgivning ved forhandlinger eller tvister gj\u00f8r det som regel mulig \u00e5 unng\u00e5 rettens lange og kostbare vei. Vi tilbyr v\u00e5re tjenester b\u00e5de til private parter, n\u00e6ringsdrivende og offentlige etater, og har alltid som m\u00e5l \u00e5 finne konstruktive l\u00f8sninger. Skulle rettstvist v\u00e6re uunng\u00e5elig, st\u00e5r vi [&hellip;]<\/p>\n","protected":false},"author":1,"featured_media":0,"parent":27,"menu_order":0,"comment_status":"closed","ping_status":"closed","template":"","meta":{"nxtl-matrix":false,"footnotes":""},"class_list":["post-34","page","type-page","status-publish","hentry"],"_links":{"self":[{"href":"https:\/\/wp-demo.nxtl.ai\/index.php?rest_route=\/wp\/v2\/pages\/34","targetHints":{"allow":["GET"]}}],"collection":[{"href":"https:\/\/wp-demo.nxtl.ai\/index.php?rest_route=\/wp\/v2\/pages"}],"about":[{"href":"https:\/\/wp-demo.nxtl.ai\/index.php?rest_route=\/wp\/v2\/types\/page"}],"author":[{"embeddable":true,"href":"https:\/\/wp-demo.nxtl.ai\/index.php?rest_route=\/wp\/v2\/users\/1"}],"replies":[{"embeddable":true,"href":"https:\/\/wp-demo.nxtl.ai\/index.php?rest_route=%2Fwp%2Fv2%2Fcomments&post=34"}],"version-history":[{"count":0,"href":"https:\/\/wp-demo.nxtl.ai\/index.php?rest_route=\/wp\/v2\/pages\/34\/revisions"}],"up":[{"embeddable":true,"href":"https:\/\/wp-demo.nxtl.ai\/index.php?rest_route=\/wp\/v2\/pages\/27"}],"wp:attachment":[{"href":"https:\/\/wp-demo.nxtl.ai\/index.php?rest_route=%2Fwp%2Fv2%2Fmedia&parent=34"}],"curies":[{"name":"wp","href":"https:\/\/api.w.org\/{rel}","templated":true}]}}