{"id":33,"date":"2024-05-23T08:23:45","date_gmt":"2024-05-23T08:23:45","guid":{"rendered":"https:\/\/example.com\/?p=25"},"modified":"2024-05-23T08:23:45","modified_gmt":"2024-05-23T08:23:45","slug":"ekspropriasjon-og-skjonn","status":"publish","type":"page","link":"https:\/\/wp-demo.nxtl.ai\/?page_id=33","title":{"rendered":"Ekspropriasjon og skj\u00f8nn"},"content":{"rendered":"<p>Ekspropriasjon og erstatning ved offentlige inngrep har b\u00e5de \u00f8konomiske og f\u00f8lelsesmessige sider. Vi bist\u00e5r ved forhandlinger med det offentlige og som r\u00e5dgiver og prosessfullmektig ved avholdelse av skj\u00f8nn.<\/p>\n<p>Vi bist\u00e5r ogs\u00e5 ved skj\u00f8nn i privatrettslige forhold \u2013 blant annet i forbindelse med fastsettelse av odelstakst.<\/p>\n","protected":false},"excerpt":{"rendered":"<p>Ekspropriasjon og erstatning ved offentlige inngrep har b\u00e5de \u00f8konomiske og f\u00f8lelsesmessige sider. Vi bist\u00e5r ved forhandlinger med det offentlige og som r\u00e5dgiver og prosessfullmektig ved avholdelse av skj\u00f8nn. Vi bist\u00e5r ogs\u00e5 ved skj\u00f8nn i privatrettslige forhold \u2013 blant annet i forbindelse med fastsettelse av odelstakst.<\/p>\n","protected":false},"author":1,"featured_media":0,"parent":27,"menu_order":0,"comment_status":"closed","ping_status":"closed","template":"","meta":{"nxtl-matrix":false,"footnotes":""},"class_list":["post-33","page","type-page","status-publish","hentry"],"_links":{"self":[{"href":"https:\/\/wp-demo.nxtl.ai\/index.php?rest_route=\/wp\/v2\/pages\/33","targetHints":{"allow":["GET"]}}],"collection":[{"href":"https:\/\/wp-demo.nxtl.ai\/index.php?rest_route=\/wp\/v2\/pages"}],"about":[{"href":"https:\/\/wp-demo.nxtl.ai\/index.php?rest_route=\/wp\/v2\/types\/page"}],"author":[{"embeddable":true,"href":"https:\/\/wp-demo.nxtl.ai\/index.php?rest_route=\/wp\/v2\/users\/1"}],"replies":[{"embeddable":true,"href":"https:\/\/wp-demo.nxtl.ai\/index.php?rest_route=%2Fwp%2Fv2%2Fcomments&post=33"}],"version-history":[{"count":0,"href":"https:\/\/wp-demo.nxtl.ai\/index.php?rest_route=\/wp\/v2\/pages\/33\/revisions"}],"up":[{"embeddable":true,"href":"https:\/\/wp-demo.nxtl.ai\/index.php?rest_route=\/wp\/v2\/pages\/27"}],"wp:attachment":[{"href":"https:\/\/wp-demo.nxtl.ai\/index.php?rest_route=%2Fwp%2Fv2%2Fmedia&parent=33"}],"curies":[{"name":"wp","href":"https:\/\/api.w.org\/{rel}","templated":true}]}}