{"id":31,"date":"2024-05-23T11:29:42","date_gmt":"2024-05-23T11:29:42","guid":{"rendered":"https:\/\/example.com\/?p=23"},"modified":"2024-05-23T11:29:42","modified_gmt":"2024-05-23T11:29:42","slug":"barnevern","status":"publish","type":"page","link":"https:\/\/wp-demo.nxtl.ai\/?page_id=31","title":{"rendered":"Barnevern"},"content":{"rendered":"<p>Har det kommet bekymringsmelding som gjelder ditt barn? Er det opprettet unders\u00f8kelsessak? Har du f\u00e5tt tilbud om hjelpetiltak? Mener barnevernet at barnet ikke kan bo hjemme hos deg? Har det blitt fattet akuttvedtak?<\/p>\n<p>Vi bist\u00e5r p\u00e5 alle stadier i barnevernssaken, herunder i m\u00f8ter med barneverntjenesten, i fylkesnemnda og domstolen ved omsorgsovertagelse, samtaleprosess, fastsettelse av samv\u00e6r, tvangsadopsjon og tilbakef\u00f8ring.<\/p>\n<p>Du har rett til fri rettshjelp n\u00e5r barneverntjenesten har besluttet omsorgsovertagelse.<\/p>\n","protected":false},"excerpt":{"rendered":"<p>Har det kommet bekymringsmelding som gjelder ditt barn? Er det opprettet unders\u00f8kelsessak? Har du f\u00e5tt tilbud om hjelpetiltak? Mener barnevernet at barnet ikke kan bo hjemme hos deg? Har det blitt fattet akuttvedtak? Vi bist\u00e5r p\u00e5 alle stadier i barnevernssaken, herunder i m\u00f8ter med barneverntjenesten, i fylkesnemnda og domstolen ved omsorgsovertagelse, samtaleprosess, fastsettelse av samv\u00e6r, [&hellip;]<\/p>\n","protected":false},"author":1,"featured_media":0,"parent":27,"menu_order":0,"comment_status":"closed","ping_status":"closed","template":"","meta":{"nxtl-matrix":false,"footnotes":""},"class_list":["post-31","page","type-page","status-publish","hentry"],"_links":{"self":[{"href":"https:\/\/wp-demo.nxtl.ai\/index.php?rest_route=\/wp\/v2\/pages\/31","targetHints":{"allow":["GET"]}}],"collection":[{"href":"https:\/\/wp-demo.nxtl.ai\/index.php?rest_route=\/wp\/v2\/pages"}],"about":[{"href":"https:\/\/wp-demo.nxtl.ai\/index.php?rest_route=\/wp\/v2\/types\/page"}],"author":[{"embeddable":true,"href":"https:\/\/wp-demo.nxtl.ai\/index.php?rest_route=\/wp\/v2\/users\/1"}],"replies":[{"embeddable":true,"href":"https:\/\/wp-demo.nxtl.ai\/index.php?rest_route=%2Fwp%2Fv2%2Fcomments&post=31"}],"version-history":[{"count":0,"href":"https:\/\/wp-demo.nxtl.ai\/index.php?rest_route=\/wp\/v2\/pages\/31\/revisions"}],"up":[{"embeddable":true,"href":"https:\/\/wp-demo.nxtl.ai\/index.php?rest_route=\/wp\/v2\/pages\/27"}],"wp:attachment":[{"href":"https:\/\/wp-demo.nxtl.ai\/index.php?rest_route=%2Fwp%2Fv2%2Fmedia&parent=31"}],"curies":[{"name":"wp","href":"https:\/\/api.w.org\/{rel}","templated":true}]}}