{"id":30,"date":"2024-05-23T08:06:01","date_gmt":"2024-05-23T08:06:01","guid":{"rendered":"https:\/\/example.com\/?p=22"},"modified":"2024-05-23T08:06:01","modified_gmt":"2024-05-23T08:06:01","slug":"barn-omsorg-og-samvaer","status":"publish","type":"page","link":"https:\/\/wp-demo.nxtl.ai\/?page_id=30","title":{"rendered":"Barn \u2013 omsorg og samv\u00e6r"},"content":{"rendered":"<p>Vi bist\u00e5r i saker om barnefordeling etter barneloven.<\/p>\n<p><em>Sp\u00f8rsm\u00e5l om foreldreansvar, fast bosted, samv\u00e6rsrett og barnebidrag er personlig og vanskelig f\u00f8lelsesmessig<\/em>. Barnets beste m\u00e5 alltid v\u00e6re m\u00e5let.<\/p>\n<p>Vi hjelper foreldre med \u00e5 utarbeide avtale om daglig omsorg og samv\u00e6r, gjennomf\u00f8re forhandlinger, og ved eventuell tvist for domstolen.<\/p>\n","protected":false},"excerpt":{"rendered":"<p>Vi bist\u00e5r i saker om barnefordeling etter barneloven. Sp\u00f8rsm\u00e5l om foreldreansvar, fast bosted, samv\u00e6rsrett og barnebidrag er personlig og vanskelig f\u00f8lelsesmessig. Barnets beste m\u00e5 alltid v\u00e6re m\u00e5let. Vi hjelper foreldre med \u00e5 utarbeide avtale om daglig omsorg og samv\u00e6r, gjennomf\u00f8re forhandlinger, og ved eventuell tvist for domstolen.<\/p>\n","protected":false},"author":1,"featured_media":0,"parent":27,"menu_order":0,"comment_status":"closed","ping_status":"closed","template":"","meta":{"nxtl-matrix":false,"footnotes":""},"class_list":["post-30","page","type-page","status-publish","hentry"],"_links":{"self":[{"href":"https:\/\/wp-demo.nxtl.ai\/index.php?rest_route=\/wp\/v2\/pages\/30","targetHints":{"allow":["GET"]}}],"collection":[{"href":"https:\/\/wp-demo.nxtl.ai\/index.php?rest_route=\/wp\/v2\/pages"}],"about":[{"href":"https:\/\/wp-demo.nxtl.ai\/index.php?rest_route=\/wp\/v2\/types\/page"}],"author":[{"embeddable":true,"href":"https:\/\/wp-demo.nxtl.ai\/index.php?rest_route=\/wp\/v2\/users\/1"}],"replies":[{"embeddable":true,"href":"https:\/\/wp-demo.nxtl.ai\/index.php?rest_route=%2Fwp%2Fv2%2Fcomments&post=30"}],"version-history":[{"count":0,"href":"https:\/\/wp-demo.nxtl.ai\/index.php?rest_route=\/wp\/v2\/pages\/30\/revisions"}],"up":[{"embeddable":true,"href":"https:\/\/wp-demo.nxtl.ai\/index.php?rest_route=\/wp\/v2\/pages\/27"}],"wp:attachment":[{"href":"https:\/\/wp-demo.nxtl.ai\/index.php?rest_route=%2Fwp%2Fv2%2Fmedia&parent=30"}],"curies":[{"name":"wp","href":"https:\/\/api.w.org\/{rel}","templated":true}]}}