{"id":29,"date":"2024-05-23T08:05:13","date_gmt":"2024-05-23T08:05:13","guid":{"rendered":"https:\/\/example.com\/?p=21"},"modified":"2024-05-23T08:05:13","modified_gmt":"2024-05-23T08:05:13","slug":"arv-og-dodsboskifte","status":"publish","type":"page","link":"https:\/\/wp-demo.nxtl.ai\/?page_id=29","title":{"rendered":"Arv og d\u00f8dsboskifte"},"content":{"rendered":"<p>Deling av et d\u00f8dsbo kan v\u00e6re en tung oppgave i en vanskelig tid. Det er mange sp\u00f8rsm\u00e5l \u00e5 ta stilling. Skal jeg sitte i uskiftet bo eller gjennomf\u00f8re skiftet n\u00e5? Skal jeg skifte privat eller offentlig? Har jeg krav p\u00e5 ektefellearv eller samboerarv? Hva er mine rettigheter i forhold til avd\u00f8des s\u00e6rkullsbarn? osv.<\/p>\n<p>N\u00f8dvendige skjemaer skal fylles ut og arven skal fordeles rettmessig etter loven. Ikke sjelden foreligger det ogs\u00e5 et testament som det kan v\u00e6re vanskelig \u00e5 forholde seg til. Skattemessig skal det ofte foretas en forh\u00e5ndsligning av avd\u00f8de.<\/p>\n<p>Vi bist\u00e5r med hele d\u00f8dsboskiftet fra A til \u00c5, herunder n\u00f8dvendige skjema til tingretten, skifteattest, verdsettelse, realisering av eiendom og \u00f8vrige aktiva, og beregning, fordeling og utdeling av arv til arvingene.<\/p>\n<p>For \u00f8vrig bist\u00e5r vi med utarbeidelse av testament og arvepakt, r\u00e5dgivning i forbindelse med forskudd p\u00e5 arv og avkall p\u00e5 arv, fremtidsfullmakt, forh\u00e5ndssamtykke til uskifte, opprettelse av legat m.m.<\/p>\n<p>Vi veileder ogs\u00e5 ved arveplanlegging og generasjonsskifte innenfor b\u00e5de landbruk og n\u00e6ring.<\/p>\n","protected":false},"excerpt":{"rendered":"<p>Deling av et d\u00f8dsbo kan v\u00e6re en tung oppgave i en vanskelig tid. Det er mange sp\u00f8rsm\u00e5l \u00e5 ta stilling. Skal jeg sitte i uskiftet bo eller gjennomf\u00f8re skiftet n\u00e5? Skal jeg skifte privat eller offentlig? Har jeg krav p\u00e5 ektefellearv eller samboerarv? Hva er mine rettigheter i forhold til avd\u00f8des s\u00e6rkullsbarn? osv. N\u00f8dvendige skjemaer [&hellip;]<\/p>\n","protected":false},"author":1,"featured_media":0,"parent":27,"menu_order":0,"comment_status":"closed","ping_status":"closed","template":"","meta":{"nxtl-matrix":false,"footnotes":""},"class_list":["post-29","page","type-page","status-publish","hentry"],"_links":{"self":[{"href":"https:\/\/wp-demo.nxtl.ai\/index.php?rest_route=\/wp\/v2\/pages\/29","targetHints":{"allow":["GET"]}}],"collection":[{"href":"https:\/\/wp-demo.nxtl.ai\/index.php?rest_route=\/wp\/v2\/pages"}],"about":[{"href":"https:\/\/wp-demo.nxtl.ai\/index.php?rest_route=\/wp\/v2\/types\/page"}],"author":[{"embeddable":true,"href":"https:\/\/wp-demo.nxtl.ai\/index.php?rest_route=\/wp\/v2\/users\/1"}],"replies":[{"embeddable":true,"href":"https:\/\/wp-demo.nxtl.ai\/index.php?rest_route=%2Fwp%2Fv2%2Fcomments&post=29"}],"version-history":[{"count":0,"href":"https:\/\/wp-demo.nxtl.ai\/index.php?rest_route=\/wp\/v2\/pages\/29\/revisions"}],"up":[{"embeddable":true,"href":"https:\/\/wp-demo.nxtl.ai\/index.php?rest_route=\/wp\/v2\/pages\/27"}],"wp:attachment":[{"href":"https:\/\/wp-demo.nxtl.ai\/index.php?rest_route=%2Fwp%2Fv2%2Fmedia&parent=29"}],"curies":[{"name":"wp","href":"https:\/\/api.w.org\/{rel}","templated":true}]}}